{"id":2330,"date":"2021-10-17T15:04:18","date_gmt":"2021-10-17T13:04:18","guid":{"rendered":"http:\/\/sichertravel.de\/?page_id=2330"},"modified":"2021-10-31T12:17:17","modified_gmt":"2021-10-31T11:17:17","slug":"datenschutzbestimmungen","status":"publish","type":"page","link":"https:\/\/sichertravel.de\/en\/datenschutzbestimmungen\/","title":{"rendered":"Datenschutzbestimmungen"},"content":{"rendered":"<h2>Wer sind wir<\/h2>\n<p>Unsere Website Adresse ist: http:\/\/sichertravel.de<\/p>\n<h2>Welche personenbezogenen Daten wir sammeln und warum wir sie sammeln<\/h2>\n<h3>Kommentare<\/h3>\n<p>W<span class=\"Y2IQFc\" lang=\"de\">enn ein Seitenbesucher einen Kommentar hinterl\u00e4sst, erheben wir die Daten, die Sie im Kommentarformular sehen, sowie die IP-Adresse und die Browsersignatur des Besuchers zur Spam-Erkennung<\/span><\/p>\n<p><span class=\"Y2IQFc\" lang=\"de\">Eine anonymisierte Zeichenfolge, die aus Ihrer E-Mail-Adresse erstellt wurde (ein sogenannter Hash), kann an den Gravatar-Dienst gesendet werden, um zu \u00fcberpr\u00fcfen, ob Sie ihn verwenden. Die Datenschutzerkl\u00e4rung des Dienstes Gravatar finden Sie hier: https:\/\/automattic.com\/privacy\/. Sobald Ihr Kommentar freigegeben wurde, ist Ihr Profilbild im Kontext Ihres Kommentars \u00f6ffentlich sichtbar.<\/span><\/p>\n<h3>Medien<\/h3>\n<p><span class=\"Y2IQFc\" lang=\"de\">Wenn Sie ein registrierter Benutzer sind und Bilder auf die Seite hochladen, sollten Sie das Hochladen von Bildern mit EXIF-Standort-Tags vermeiden. Seitenbesucher k\u00f6nnen vollst\u00e4ndige Standortdaten von Bildern auf der Seite herunterladen und lesen.<\/span><\/p>\n<h3>Kontaktformulare<\/h3>\n<h3>Cookies<\/h3>\n<p><span class=\"Y2IQFc\" lang=\"de\">Wenn Sie auf unserer Seite einen Kommentar hinterlassen, k\u00f6nnen Sie Ihren Namen, Ihre E-Mail-Adresse und Ihre Website-Adresse in Cookies speichern, damit beim Verfassen von nachfolgenden Kommentaren die oben genannten Angaben bequem vervollst\u00e4ndigt werden k\u00f6nnen. Diese Cookies verfallen nach einem Jahr.<\/span><\/p>\n<p><span class=\"Y2IQFc\" lang=\"de\">Wenn Sie ein Konto haben und sich auf dieser Website anmelden, erstellen wir ein tempor\u00e4res Cookie, um zu \u00fcberpr\u00fcfen, ob Ihr Browser Cookies akzeptiert. Dieses Cookie enth\u00e4lt keine personenbezogenen Daten und wird verworfen, wenn Sie Ihren Browser schlie\u00dfen.<\/span><\/p>\n<p><span class=\"Y2IQFc\" lang=\"de\">Wenn Sie sich anmelden, erstellen wir au\u00dferdem eine Reihe von Cookies, um Ihre Anmeldeinformationen und ausgew\u00e4hlte Bildschirmoptionen zu speichern. Die Anmelde-Cookies verfallen nach zwei Tagen und die Cookies f\u00fcr die Bildschirmoptionen nach einem Jahr. Wenn Sie die Option &#8222;Erinnere dich an mich&#8220; aktivieren, verf\u00e4llt Ihr Login nach zwei Wochen. Wenn Sie sich von Ihrem Konto abmelden, werden Ihre Anmelde-Cookies gel\u00f6scht.<\/span><\/p>\n<p><span class=\"Y2IQFc\" lang=\"de\">Wenn Sie einen Artikel \u00e4ndern oder ver\u00f6ffentlichen, wird ein zus\u00e4tzlicher Cookie in Ihrem Browser gespeichert. Dieses Cookie enth\u00e4lt keine personenbezogenen Daten, sondern lediglich eine Kennung des gerade bearbeiteten Artikels. Es verf\u00e4llt nach 1 Tag.<\/span><\/p>\n<h3>Eingebettete Inhalte von anderen Webseiten<\/h3>\n<p><span class=\"Y2IQFc\" lang=\"de\">Artikel auf dieser Website k\u00f6nnen eingebettete Inhalte (z. B. Videos, Bilder, Artikel usw.) enthalten. Eingebettete Inhalte von anderen Seiten verhalten sich so, als ob Sie die jeweilige Seite direkt besucht h\u00e4tten.<\/span><\/p>\n<p><span class=\"Y2IQFc\" lang=\"de\">Webseiten k\u00f6nnen Informationen \u00fcber Sie sammeln, Cookies verwenden, zus\u00e4tzliche Tracking-Systeme von Drittanbietern anh\u00e4ngen und Ihre Interaktionen mit eingebettetem Material \u00fcberwachen, einschlie\u00dflich der Verfolgung Ihrer Interaktionen mit eingebettetem Material, wenn Sie ein Konto haben und auf dieser Webseite angemeldet sind.<\/span><\/p>\n<h3>Analyse von Statistiken<\/h3>\n<h2>Mit wem wir Daten teilen<\/h2>\n<h2>Wie lange wir Daten aufbewahren<\/h2>\n<p><span class=\"Y2IQFc\" lang=\"de\">Wenn Sie einen Kommentar hinterlassen, werden die Inhalte und Metadaten auf unbestimmte Zeit gespeichert. Dadurch k\u00f6nnen wir nachfolgende Kommentare automatisch erkennen und freigeben, ohne sie jedes Mal an die Moderation zu senden.<\/span><\/p>\n<p>F\u00fcr Benutzer, die sich auf unserer Webseite registriert haben (sofern vorhanden), speichern wir auch die im Profil eingegebenen personenbezogenen Daten. Jeder Benutzer kann seine pers\u00f6nlichen Daten jederzeit einsehen, korrigieren oder l\u00f6schen (mit Ausnahme seines Benutzernamens, der nicht ge\u00e4ndert werden kann). Webseite Administratoren k\u00f6nnen diese Informationen auch anzeigen und \u00e4ndern.<\/p>\n<div id=\"tw-container\" class=\"\" data-cp=\"1\" data-is-ver=\"false\" data-nnttsvi=\"1\" data-sm=\"1\" data-sugg-time=\"500\" data-sugg-url=\"https:\/\/clients1.google.com\/complete\/search\" data-uilc=\"de\">\n<div id=\"tw-ob\" class=\"tw-src-ltr\">\n<div class=\"oSioSc\">\n<div id=\"tw-target\">\n<div id=\"kAz1tf\" class=\"g9WsWb\">\n<div id=\"tw-target-rmn-container\" class=\"tw-target-rmn tw-ta-container F0azHf tw-nfl\">\n<pre id=\"tw-target-rmn\" class=\"tw-data-placeholder tw-text-small tw-ta\" dir=\"ltr\" data-placeholder=\"\"><\/pre>\n<\/div>\n<\/div>\n<\/div>\n<\/div>\n<\/div>\n<\/div>\n<h2>Welche Rechte haben Sie an Ihren Informationen<\/h2>\n<p><span class=\"Y2IQFc\" lang=\"de\">Wenn Sie \u00fcber ein Benutzerkonto verf\u00fcgen oder Kommentare auf dieser Webseite gepostet haben, k\u00f6nnen Sie von uns verlangen, dass wir Ihnen eine Datei mit einem exportierten Satz Ihrer in unserem Besitz befindlichen personenbezogenen Daten einschlie\u00dflich aller von Ihnen bereitgestellten Informationen zur Verf\u00fcgung stellen. Sie k\u00f6nnen auch verlangen, dass wir alle personenbezogenen Daten, die wir \u00fcber Sie haben, l\u00f6schen. Dies gilt nicht f\u00fcr Daten, die wir aus administrativen, rechtlichen oder Sicherheitsgr\u00fcnden aufbewahren m\u00fcssen.<\/span><\/p>\n<h2>Wohin wir die Daten \u00fcbertragen<\/h2>\n<p><span class=\"Y2IQFc\" lang=\"de\">Besucherkommentare k\u00f6nnen von einem automatisierten Spam-Erkennungsdienst \u00fcberpr\u00fcft werden.<\/span><\/p>\n<h2>Ihre Kontaktinformationen<\/h2>\n<h2>Weitere Informationen<\/h2>\n<h3>Wie sch\u00fctzen wir Ihre Daten?<\/h3>\n<h3>Welche Verfahren haben wir im Falle einer Datenschutzverletzung?<\/h3>\n<h3>Von welchen Dritten wir Daten erhalten?<\/h3>\n<h3>Welche automatisierte Entscheidungsfindung und\/oder Profilerstellung wir mit Ihren Daten durchf\u00fchren?<\/h3>\n<h3>Offenlegungspflichten der Branche<\/h3>","protected":false},"excerpt":{"rendered":"<p>Wer sind wir Unsere Website Adresse ist: http:\/\/sichertravel.de Welche personenbezogenen Daten wir sammeln und warum wir sie sammeln Kommentare Wenn ein Seitenbesucher einen Kommentar hinterl\u00e4sst, erheben wir die Daten, die Sie im Kommentarformular sehen, sowie die IP-Adresse und die Browsersignatur des Besuchers zur Spam-Erkennung Eine &hellip; <\/p>","protected":false},"author":1,"featured_media":0,"parent":0,"menu_order":0,"comment_status":"closed","ping_status":"closed","template":"","meta":{"footnotes":""},"acf":[],"yoast_head":"<!-- This site is optimized with the Yoast SEO plugin v21.2 - https:\/\/yoast.com\/wordpress\/plugins\/seo\/ -->\n<title>Datenschutzbestimmungen - SicherTravel<\/title>\n<meta name=\"robots\" content=\"index, follow, max-snippet:-1, max-image-preview:large, max-video-preview:-1\" \/>\n<link rel=\"canonical\" href=\"https:\/\/sichertravel.de\/en\/datenschutzbestimmungen\/\" \/>\n<meta property=\"og:locale\" content=\"en_US\" \/>\n<meta property=\"og:type\" content=\"article\" \/>\n<meta property=\"og:title\" content=\"Datenschutzbestimmungen - SicherTravel\" \/>\n<meta property=\"og:description\" content=\"Wer sind wir Unsere Website Adresse ist: http:\/\/sichertravel.de Welche personenbezogenen Daten wir sammeln und warum wir sie sammeln Kommentare Wenn ein Seitenbesucher einen Kommentar hinterl\u00e4sst, erheben wir die Daten, die Sie im Kommentarformular sehen, sowie die IP-Adresse und die Browsersignatur des Besuchers zur Spam-Erkennung Eine &hellip;\" \/>\n<meta property=\"og:url\" content=\"https:\/\/sichertravel.de\/en\/datenschutzbestimmungen\/\" \/>\n<meta property=\"og:site_name\" content=\"SicherTravel\" \/>\n<meta property=\"article:publisher\" content=\"https:\/\/www.facebook.com\/agypten2022\/\" \/>\n<meta property=\"article:modified_time\" content=\"2021-10-31T11:17:17+00:00\" \/>\n<meta name=\"twitter:card\" content=\"summary_large_image\" \/>\n<meta name=\"twitter:label1\" content=\"Est. reading time\" \/>\n\t<meta name=\"twitter:data1\" content=\"3 minutes\" \/>\n<script type=\"application\/ld+json\" class=\"yoast-schema-graph\">{\"@context\":\"https:\/\/schema.org\",\"@graph\":[{\"@type\":\"WebPage\",\"@id\":\"https:\/\/sichertravel.de\/datenschutzbestimmungen\/\",\"url\":\"https:\/\/sichertravel.de\/datenschutzbestimmungen\/\",\"name\":\"Datenschutzbestimmungen - SicherTravel\",\"isPartOf\":{\"@id\":\"https:\/\/sichertravel.de\/#website\"},\"datePublished\":\"2021-10-17T13:04:18+00:00\",\"dateModified\":\"2021-10-31T11:17:17+00:00\",\"breadcrumb\":{\"@id\":\"https:\/\/sichertravel.de\/datenschutzbestimmungen\/#breadcrumb\"},\"inLanguage\":\"en-US\",\"potentialAction\":[{\"@type\":\"ReadAction\",\"target\":[\"https:\/\/sichertravel.de\/datenschutzbestimmungen\/\"]}]},{\"@type\":\"BreadcrumbList\",\"@id\":\"https:\/\/sichertravel.de\/datenschutzbestimmungen\/#breadcrumb\",\"itemListElement\":[{\"@type\":\"ListItem\",\"position\":1,\"name\":\"Home\",\"item\":\"https:\/\/sichertravel.de\/\"},{\"@type\":\"ListItem\",\"position\":2,\"name\":\"Datenschutzbestimmungen\"}]},{\"@type\":\"WebSite\",\"@id\":\"https:\/\/sichertravel.de\/#website\",\"url\":\"https:\/\/sichertravel.de\/\",\"name\":\"SicherTravel\",\"description\":\"Ausfl&uuml;ge rund um &Auml;gypten\",\"publisher\":{\"@id\":\"https:\/\/sichertravel.de\/#organization\"},\"potentialAction\":[{\"@type\":\"SearchAction\",\"target\":{\"@type\":\"EntryPoint\",\"urlTemplate\":\"https:\/\/sichertravel.de\/?s={search_term_string}\"},\"query-input\":\"required name=search_term_string\"}],\"inLanguage\":\"en-US\"},{\"@type\":\"Organization\",\"@id\":\"https:\/\/sichertravel.de\/#organization\",\"name\":\"SicherTravel\",\"url\":\"https:\/\/sichertravel.de\/\",\"logo\":{\"@type\":\"ImageObject\",\"inLanguage\":\"en-US\",\"@id\":\"https:\/\/sichertravel.de\/#\/schema\/logo\/image\/\",\"url\":\"https:\/\/sichertravel.de\/wp-content\/uploads\/2021\/10\/sicher-logo.png\",\"contentUrl\":\"https:\/\/sichertravel.de\/wp-content\/uploads\/2021\/10\/sicher-logo.png\",\"width\":600,\"height\":371,\"caption\":\"SicherTravel\"},\"image\":{\"@id\":\"https:\/\/sichertravel.de\/#\/schema\/logo\/image\/\"},\"sameAs\":[\"https:\/\/www.facebook.com\/agypten2022\/\"]}]}<\/script>\n<!-- \/ Yoast SEO plugin. -->","yoast_head_json":{"title":"Datenschutzbestimmungen - SicherTravel","robots":{"index":"index","follow":"follow","max-snippet":"max-snippet:-1","max-image-preview":"max-image-preview:large","max-video-preview":"max-video-preview:-1"},"canonical":"https:\/\/sichertravel.de\/en\/datenschutzbestimmungen\/","og_locale":"en_US","og_type":"article","og_title":"Datenschutzbestimmungen - SicherTravel","og_description":"Wer sind wir Unsere Website Adresse ist: http:\/\/sichertravel.de Welche personenbezogenen Daten wir sammeln und warum wir sie sammeln Kommentare Wenn ein Seitenbesucher einen Kommentar hinterl\u00e4sst, erheben wir die Daten, die Sie im Kommentarformular sehen, sowie die IP-Adresse und die Browsersignatur des Besuchers zur Spam-Erkennung Eine &hellip;","og_url":"https:\/\/sichertravel.de\/en\/datenschutzbestimmungen\/","og_site_name":"SicherTravel","article_publisher":"https:\/\/www.facebook.com\/agypten2022\/","article_modified_time":"2021-10-31T11:17:17+00:00","twitter_card":"summary_large_image","twitter_misc":{"Est. reading time":"3 minutes"},"schema":{"@context":"https:\/\/schema.org","@graph":[{"@type":"WebPage","@id":"https:\/\/sichertravel.de\/datenschutzbestimmungen\/","url":"https:\/\/sichertravel.de\/datenschutzbestimmungen\/","name":"Datenschutzbestimmungen - SicherTravel","isPartOf":{"@id":"https:\/\/sichertravel.de\/#website"},"datePublished":"2021-10-17T13:04:18+00:00","dateModified":"2021-10-31T11:17:17+00:00","breadcrumb":{"@id":"https:\/\/sichertravel.de\/datenschutzbestimmungen\/#breadcrumb"},"inLanguage":"en-US","potentialAction":[{"@type":"ReadAction","target":["https:\/\/sichertravel.de\/datenschutzbestimmungen\/"]}]},{"@type":"BreadcrumbList","@id":"https:\/\/sichertravel.de\/datenschutzbestimmungen\/#breadcrumb","itemListElement":[{"@type":"ListItem","position":1,"name":"Home","item":"https:\/\/sichertravel.de\/"},{"@type":"ListItem","position":2,"name":"Datenschutzbestimmungen"}]},{"@type":"WebSite","@id":"https:\/\/sichertravel.de\/#website","url":"https:\/\/sichertravel.de\/","name":"SicherTravel","description":"Ausfl&uuml;ge rund um &Auml;gypten","publisher":{"@id":"https:\/\/sichertravel.de\/#organization"},"potentialAction":[{"@type":"SearchAction","target":{"@type":"EntryPoint","urlTemplate":"https:\/\/sichertravel.de\/?s={search_term_string}"},"query-input":"required name=search_term_string"}],"inLanguage":"en-US"},{"@type":"Organization","@id":"https:\/\/sichertravel.de\/#organization","name":"SicherTravel","url":"https:\/\/sichertravel.de\/","logo":{"@type":"ImageObject","inLanguage":"en-US","@id":"https:\/\/sichertravel.de\/#\/schema\/logo\/image\/","url":"https:\/\/sichertravel.de\/wp-content\/uploads\/2021\/10\/sicher-logo.png","contentUrl":"https:\/\/sichertravel.de\/wp-content\/uploads\/2021\/10\/sicher-logo.png","width":600,"height":371,"caption":"SicherTravel"},"image":{"@id":"https:\/\/sichertravel.de\/#\/schema\/logo\/image\/"},"sameAs":["https:\/\/www.facebook.com\/agypten2022\/"]}]}},"_links":{"self":[{"href":"https:\/\/sichertravel.de\/en\/wp-json\/wp\/v2\/pages\/2330"}],"collection":[{"href":"https:\/\/sichertravel.de\/en\/wp-json\/wp\/v2\/pages"}],"about":[{"href":"https:\/\/sichertravel.de\/en\/wp-json\/wp\/v2\/types\/page"}],"author":[{"embeddable":true,"href":"https:\/\/sichertravel.de\/en\/wp-json\/wp\/v2\/users\/1"}],"replies":[{"embeddable":true,"href":"https:\/\/sichertravel.de\/en\/wp-json\/wp\/v2\/comments?post=2330"}],"version-history":[{"count":7,"href":"https:\/\/sichertravel.de\/en\/wp-json\/wp\/v2\/pages\/2330\/revisions"}],"predecessor-version":[{"id":2816,"href":"https:\/\/sichertravel.de\/en\/wp-json\/wp\/v2\/pages\/2330\/revisions\/2816"}],"wp:attachment":[{"href":"https:\/\/sichertravel.de\/en\/wp-json\/wp\/v2\/media?parent=2330"}],"curies":[{"name":"wp","href":"https:\/\/api.w.org\/{rel}","templated":true}]}}